{"id":256,"date":"2025-04-06T14:15:18","date_gmt":"2025-04-06T12:15:18","guid":{"rendered":"http:\/\/couverture51.com\/?page_id=256"},"modified":"2025-04-06T18:36:23","modified_gmt":"2025-04-06T16:36:23","slug":"couverture-focus","status":"publish","type":"page","link":"https:\/\/couverture51.com\/?page_id=256","title":{"rendered":"Couverture"},"content":{"rendered":"\n<figure class=\"wp-block-image size-large is-resized\"><img loading=\"lazy\" decoding=\"async\" width=\"1024\" height=\"857\" src=\"https:\/\/couverture51.com\/wp-content\/uploads\/2025\/04\/vecteezy_roofing-logo-playful-vector-rooster-standing_14603280-Converti-1024x857.png\" alt=\"\" class=\"wp-image-277\" style=\"width:116px;height:auto\" srcset=\"https:\/\/couverture51.com\/wp-content\/uploads\/2025\/04\/vecteezy_roofing-logo-playful-vector-rooster-standing_14603280-Converti-1024x857.png 1024w, https:\/\/couverture51.com\/wp-content\/uploads\/2025\/04\/vecteezy_roofing-logo-playful-vector-rooster-standing_14603280-Converti-300x251.png 300w, https:\/\/couverture51.com\/wp-content\/uploads\/2025\/04\/vecteezy_roofing-logo-playful-vector-rooster-standing_14603280-Converti-768x643.png 768w, https:\/\/couverture51.com\/wp-content\/uploads\/2025\/04\/vecteezy_roofing-logo-playful-vector-rooster-standing_14603280-Converti.png 1198w\" sizes=\"auto, (max-width: 1024px) 100vw, 1024px\" \/><\/figure>\n\n\n\n<p>La <strong>couverture de toit<\/strong>  chez les Couvreurs de la Marne d\u00e9signe l&rsquo;ensemble des mat\u00e9riaux et \u00e9l\u00e9ments utilis\u00e9s pour recouvrir un toit et le prot\u00e9ger des intemp\u00e9ries (pluie, neige, vent, soleil, etc.). Elle assure l&rsquo;\u00e9tanch\u00e9it\u00e9 et l&rsquo;isolation du b\u00e2timent. Les mat\u00e9riaux utilis\u00e9s pour la couverture peuvent varier selon le type de toit (plat ou en pente) et les pr\u00e9f\u00e9rences esth\u00e9tiques, ainsi que les contraintes climatiques de la r\u00e9gion.<\/p>\n\n\n\n<p>Les principaux types de couvertures de toit comprennent :<\/p>\n\n\n\n<ol class=\"wp-block-list\">\n<li><strong>Tuiles<\/strong> (en terre cuite, b\u00e9ton, etc.)<\/li>\n\n\n\n<li><strong>Ardoises<\/strong><\/li>\n\n\n\n<li><strong>Zinc<\/strong><\/li>\n\n\n\n<li><strong>Bardeaux<\/strong> (en bois, bitume, etc.)<\/li>\n\n\n\n<li><strong>Toit v\u00e9g\u00e9talis\u00e9<\/strong> (syst\u00e8me de toiture avec des plantes)<\/li>\n\n\n\n<li><strong>Toit m\u00e9tallique<\/strong> (toit en acier, aluminium, cuivre)<\/li>\n<\/ol>\n\n\n\n<p>Elle joue un r\u00f4le crucial dans la protection de l&rsquo;int\u00e9rieur du b\u00e2timent, notamment en \u00e9vitant les infiltrations d&rsquo;eau et en contribuant \u00e0 la r\u00e9gulation thermique.<\/p>\n\n\n\n<div class=\"wp-block-buttons is-layout-flex wp-block-buttons-is-layout-flex\">\n<div class=\"wp-block-button\"><a class=\"wp-block-button__link wp-element-button\" href=\"https:\/\/couverture51.com\/?page_id=8\">Contactez-nous<\/a><\/div>\n<\/div>\n","protected":false},"excerpt":{"rendered":"<p>La couverture de toit chez les Couvreurs de la Marne d\u00e9signe l&rsquo;ensemble des mat\u00e9riaux et \u00e9l\u00e9ments utilis\u00e9s pour recouvrir un toit et le prot\u00e9ger des intemp\u00e9ries (pluie, neige, vent, soleil, etc.). Elle assure l&rsquo;\u00e9tanch\u00e9it\u00e9 et l&rsquo;isolation du b\u00e2timent. Les mat\u00e9riaux&#8230;<\/p>\n","protected":false},"author":1,"featured_media":0,"parent":0,"menu_order":0,"comment_status":"closed","ping_status":"closed","template":"","meta":{"footnotes":""},"class_list":["post-256","page","type-page","status-publish","hentry"],"_links":{"self":[{"href":"https:\/\/couverture51.com\/index.php?rest_route=\/wp\/v2\/pages\/256","targetHints":{"allow":["GET"]}}],"collection":[{"href":"https:\/\/couverture51.com\/index.php?rest_route=\/wp\/v2\/pages"}],"about":[{"href":"https:\/\/couverture51.com\/index.php?rest_route=\/wp\/v2\/types\/page"}],"author":[{"embeddable":true,"href":"https:\/\/couverture51.com\/index.php?rest_route=\/wp\/v2\/users\/1"}],"replies":[{"embeddable":true,"href":"https:\/\/couverture51.com\/index.php?rest_route=%2Fwp%2Fv2%2Fcomments&post=256"}],"version-history":[{"count":5,"href":"https:\/\/couverture51.com\/index.php?rest_route=\/wp\/v2\/pages\/256\/revisions"}],"predecessor-version":[{"id":322,"href":"https:\/\/couverture51.com\/index.php?rest_route=\/wp\/v2\/pages\/256\/revisions\/322"}],"wp:attachment":[{"href":"https:\/\/couverture51.com\/index.php?rest_route=%2Fwp%2Fv2%2Fmedia&parent=256"}],"curies":[{"name":"wp","href":"https:\/\/api.w.org\/{rel}","templated":true}]}}