{"id":270,"date":"2025-04-06T14:20:06","date_gmt":"2025-04-06T12:20:06","guid":{"rendered":"http:\/\/couverture51.com\/?page_id=270"},"modified":"2025-04-06T18:39:39","modified_gmt":"2025-04-06T16:39:39","slug":"traitement-de-charpente","status":"publish","type":"page","link":"https:\/\/couverture51.com\/?page_id=270","title":{"rendered":"Traitement de charpente"},"content":{"rendered":"\n<figure class=\"wp-block-image size-large is-resized\"><img loading=\"lazy\" decoding=\"async\" width=\"1024\" height=\"857\" src=\"https:\/\/couverture51.com\/wp-content\/uploads\/2025\/04\/vecteezy_roofing-logo-playful-vector-rooster-standing_14603280-Converti-1024x857.png\" alt=\"\" class=\"wp-image-277\" style=\"width:116px;height:auto\" srcset=\"https:\/\/couverture51.com\/wp-content\/uploads\/2025\/04\/vecteezy_roofing-logo-playful-vector-rooster-standing_14603280-Converti-1024x857.png 1024w, https:\/\/couverture51.com\/wp-content\/uploads\/2025\/04\/vecteezy_roofing-logo-playful-vector-rooster-standing_14603280-Converti-300x251.png 300w, https:\/\/couverture51.com\/wp-content\/uploads\/2025\/04\/vecteezy_roofing-logo-playful-vector-rooster-standing_14603280-Converti-768x643.png 768w, https:\/\/couverture51.com\/wp-content\/uploads\/2025\/04\/vecteezy_roofing-logo-playful-vector-rooster-standing_14603280-Converti.png 1198w\" sizes=\"auto, (max-width: 1024px) 100vw, 1024px\" \/><\/figure>\n\n\n\n<p>Pour les couvreurs de la Marne le <strong>traitement de la charpente<\/strong> est un processus essentiel pour garantir la durabilit\u00e9, la solidit\u00e9 et la s\u00e9curit\u00e9 de la structure d&rsquo;une maison ou d&rsquo;un b\u00e2timent. La charpente, qui est l&rsquo;ossature en bois qui soutient la toiture, peut \u00eatre expos\u00e9e \u00e0 des risques divers, notamment des insectes, des champignons et des moisissures. Un traitement pr\u00e9ventif ou curatif de la charpente permet de lutter contre ces menaces et de prolonger la dur\u00e9e de vie de la structure.<\/p>\n\n\n\n<h3 class=\"wp-block-heading\">Pourquoi traiter la charpente ?<\/h3>\n\n\n\n<ol class=\"wp-block-list\">\n<li><strong>Prot\u00e9ger contre les insectes nuisibles<\/strong> : Le bois peut \u00eatre attaqu\u00e9 par des insectes xylophages (tels que les termites ou les vrillettes), qui creusent des galeries dans le bois, affaiblissant ainsi la structure.<\/li>\n\n\n\n<li><strong>Pr\u00e9venir les attaques de champignons et moisissures<\/strong> : L\u2019humidit\u00e9, souvent pr\u00e9sente dans les combles ou les zones mal ventil\u00e9es, peut entra\u00eener la formation de moisissures et de champignons lignivores (comme le champignon de type m\u00e9rule) qui d\u00e9gradent le bois.<\/li>\n\n\n\n<li><strong>Renforcer la structure<\/strong> : Un traitement de charpente peut \u00e9galement viser \u00e0 redonner de la solidit\u00e9 au bois, notamment si la charpente a subi des dommages au fil du temps ou par des attaques biologiques.<\/li>\n\n\n\n<li><strong>Pr\u00e9server l&rsquo;esth\u00e9tique<\/strong> : Un traitement de pr\u00e9servation permet \u00e9galement de maintenir la beaut\u00e9 du bois, en conservant sa texture et son apparence naturelle.<\/li>\n<\/ol>\n\n\n\n<h3 class=\"wp-block-heading\">Types de traitements pour la charpente<\/h3>\n\n\n\n<ol class=\"wp-block-list\">\n<li><strong>Traitement pr\u00e9ventif<\/strong> :<\/li>\n<\/ol>\n\n\n\n<ul class=\"wp-block-list\">\n<li>Ce type de traitement est appliqu\u00e9 \u00e0 une charpente saine, pour la prot\u00e9ger avant qu\u2019elle ne soit attaqu\u00e9e par des insectes ou des champignons. Il consiste en l\u2019application de produits sp\u00e9cifiques qui cr\u00e9ent une barri\u00e8re de protection contre les nuisibles.<\/li>\n\n\n\n<li><strong>Produits utilis\u00e9s<\/strong> : Les traitements pr\u00e9ventifs comprennent des produits \u00e0 base de <strong>biocides<\/strong> (insecticides et fongicides) qui sont appliqu\u00e9s sur le bois pour le prot\u00e9ger durablement.<\/li>\n\n\n\n<li>Ce traitement peut \u00eatre r\u00e9alis\u00e9 sous forme de <strong>vaporisation<\/strong>, <strong>injection<\/strong>, ou <strong>badigeon<\/strong>.<\/li>\n<\/ul>\n\n\n\n<ol class=\"wp-block-list\">\n<li><strong>Traitement curatif<\/strong> :<\/li>\n<\/ol>\n\n\n\n<ul class=\"wp-block-list\">\n<li>Si la charpente est d\u00e9j\u00e0 attaqu\u00e9e par des insectes ou des champignons, un traitement curatif sera n\u00e9cessaire pour \u00e9liminer ces nuisibles et restaurer la solidit\u00e9 du bois. Ce traitement intervient apr\u00e8s avoir identifi\u00e9 les signes de d\u00e9gradation.<\/li>\n\n\n\n<li><strong>Insecticides<\/strong> : En cas d&rsquo;infestation par des insectes, des produits insecticides sont utilis\u00e9s pour d\u00e9truire les nuisibles et leurs \u0153ufs.<\/li>\n\n\n\n<li><strong>Fongicides<\/strong> : Si des champignons comme la m\u00e9rule sont pr\u00e9sents, un fongicide sera appliqu\u00e9 pour les \u00e9radiquer et emp\u00eacher leur propagation.<\/li>\n\n\n\n<li><strong>Traitement par injection<\/strong> : Pour les zones infest\u00e9es, un traitement par injection dans le bois permet de diffuser le produit en profondeur et de traiter les zones affect\u00e9es.<\/li>\n<\/ul>\n\n\n\n<ol class=\"wp-block-list\">\n<li><strong>Traitement de consolidation<\/strong> :<\/li>\n<\/ol>\n\n\n\n<ul class=\"wp-block-list\">\n<li>Lorsque le bois de la charpente est fragilis\u00e9 par une infestation d&rsquo;insectes ou des champignons, il peut \u00eatre n\u00e9cessaire de r\u00e9aliser un traitement de consolidation. Cela peut inclure l\u2019application de produits sp\u00e9cifiques qui durcissent le bois ou r\u00e9parent les fibres endommag\u00e9es.<\/li>\n<\/ul>\n\n\n\n<ol class=\"wp-block-list\">\n<li><strong>Traitement par chaleur<\/strong> :<\/li>\n<\/ol>\n\n\n\n<ul class=\"wp-block-list\">\n<li>Il existe \u00e9galement des techniques de traitement thermique, o\u00f9 le bois est chauff\u00e9 \u00e0 une temp\u00e9rature \u00e9lev\u00e9e pour tuer les insectes et leurs \u0153ufs. Cette m\u00e9thode est particuli\u00e8rement \u00e9cologique, car elle n\u2019utilise pas de produits chimiques.<\/li>\n<\/ul>\n\n\n\n<h3 class=\"wp-block-heading\">\u00c9tapes du traitement de charpente :<\/h3>\n\n\n\n<ol class=\"wp-block-list\">\n<li><strong>Inspection et diagnostic<\/strong> :<\/li>\n<\/ol>\n\n\n\n<ul class=\"wp-block-list\">\n<li>Avant d\u2019appliquer un traitement, il est essentiel de faire inspecter la charpente par un professionnel pour identifier les zones affect\u00e9es et d\u00e9terminer la nature des nuisibles ou des champignons. Une inspection approfondie permet \u00e9galement de v\u00e9rifier l\u2019humidit\u00e9 du bois et les conditions de ventilation de la toiture.<\/li>\n<\/ul>\n\n\n\n<ol class=\"wp-block-list\">\n<li><strong>Choix du traitement adapt\u00e9<\/strong> :<\/li>\n<\/ol>\n\n\n\n<ul class=\"wp-block-list\">\n<li>Selon le diagnostic, le professionnel choisira le type de traitement (pr\u00e9ventif, curatif, consolidant, etc.) et le produit le plus adapt\u00e9 (insecticide, fongicide, etc.).<\/li>\n<\/ul>\n\n\n\n<ol class=\"wp-block-list\">\n<li><strong>Application du traitement<\/strong> :<\/li>\n<\/ol>\n\n\n\n<ul class=\"wp-block-list\">\n<li>Le traitement peut \u00eatre effectu\u00e9 par pulv\u00e9risation, injection ou badigeonnage, selon la m\u00e9thode choisie. Les produits sont appliqu\u00e9s sur toute la charpente pour garantir une couverture compl\u00e8te et \u00e9viter toute nouvelle infestation.<\/li>\n<\/ul>\n\n\n\n<ol class=\"wp-block-list\">\n<li><strong>Suivi et entretien<\/strong> :<\/li>\n<\/ol>\n\n\n\n<ul class=\"wp-block-list\">\n<li>Apr\u00e8s le traitement, un suivi est n\u00e9cessaire pour s&rsquo;assurer que la charpente reste prot\u00e9g\u00e9e. Cela inclut la v\u00e9rification r\u00e9guli\u00e8re de l&rsquo;humidit\u00e9, la ventilation de la toiture et l\u2019observation de l\u2019apparition \u00e9ventuelle de nouvelles attaques. Il est \u00e9galement possible d\u2019appliquer des traitements de maintenance tous les 5 \u00e0 10 ans pour renforcer la protection.<\/li>\n<\/ul>\n\n\n\n<h3 class=\"wp-block-heading\">Les produits utilis\u00e9s pour le traitement de charpente :<\/h3>\n\n\n\n<ol class=\"wp-block-list\">\n<li><strong>Les insecticides<\/strong> :<\/li>\n<\/ol>\n\n\n\n<ul class=\"wp-block-list\">\n<li>Ces produits sont sp\u00e9cialement con\u00e7us pour d\u00e9truire les insectes xylophages comme les termites, les vrillettes, ou les capricornes. Ils p\u00e9n\u00e8trent le bois et tuent les insectes adultes, ainsi que leurs \u0153ufs.<\/li>\n<\/ul>\n\n\n\n<ol class=\"wp-block-list\">\n<li><strong>Les fongicides<\/strong> :<\/li>\n<\/ol>\n\n\n\n<ul class=\"wp-block-list\">\n<li>Ces produits sont utilis\u00e9s pour \u00e9liminer les champignons et moisissures qui d\u00e9gradent le bois, comme la m\u00e9rule, un champignon lignivore. Ils sont \u00e9galement appliqu\u00e9s pour stopper la propagation de l\u2019humidit\u00e9.<\/li>\n<\/ul>\n\n\n\n<ol class=\"wp-block-list\">\n<li><strong>Les produits de consolidation<\/strong> :<\/li>\n<\/ol>\n\n\n\n<ul class=\"wp-block-list\">\n<li>Ils sont utilis\u00e9s pour renforcer la structure du bois fragilis\u00e9. Ces produits p\u00e9n\u00e8trent le bois et restaurent sa solidit\u00e9, en durcissant ses fibres.<\/li>\n<\/ul>\n\n\n\n<ol class=\"wp-block-list\">\n<li><strong>Les traitements \u00e9cologiques<\/strong> :<\/li>\n<\/ol>\n\n\n\n<ul class=\"wp-block-list\">\n<li>Il existe \u00e9galement des traitements \u00e9cologiques \u00e0 base de produits naturels qui respectent l\u2019environnement tout en offrant une protection efficace contre les nuisibles et les champignons.<\/li>\n<\/ul>\n\n\n\n<h3 class=\"wp-block-heading\">Co\u00fbt du traitement de charpente :<\/h3>\n\n\n\n<p>Le co\u00fbt d\u2019un traitement de charpente d\u00e9pend de plusieurs facteurs :<\/p>\n\n\n\n<ul class=\"wp-block-list\">\n<li><strong>L\u2019ampleur de l\u2019infestation<\/strong> : Si la charpente est tr\u00e8s endommag\u00e9e ou fortement infest\u00e9e, le co\u00fbt sera plus \u00e9lev\u00e9 en raison de l\u2019intensit\u00e9 des travaux n\u00e9cessaires.<\/li>\n\n\n\n<li><strong>Le type de traitement<\/strong> choisi : Les traitements \u00e9cologiques peuvent parfois \u00eatre plus chers, mais ils sont souvent pr\u00e9f\u00e9r\u00e9s pour des raisons environnementales.<\/li>\n\n\n\n<li><strong>La surface de la charpente<\/strong> : Plus la charpente est grande, plus le co\u00fbt du traitement sera \u00e9lev\u00e9.<\/li>\n\n\n\n<li><strong>La main-d\u2019\u0153uvre<\/strong> : Le tarif de la main-d\u2019\u0153uvre peut varier en fonction de la r\u00e9gion et de la complexit\u00e9 des travaux.<\/li>\n<\/ul>\n\n\n\n<p>En g\u00e9n\u00e9ral, il est conseill\u00e9 de demander plusieurs devis pour obtenir une estimation pr\u00e9cise et comparer les offres.<\/p>\n\n\n\n<h3 class=\"wp-block-heading\">Conclusion :<\/h3>\n\n\n\n<p>Le traitement de charpente est crucial pour pr\u00e9server la solidit\u00e9 et la long\u00e9vit\u00e9 de votre toiture et garantir la s\u00e9curit\u00e9 de votre maison. Que ce soit pour un traitement pr\u00e9ventif ou curatif, il est recommand\u00e9 de faire appel \u00e0 un professionnel qualifi\u00e9 pour s&rsquo;assurer que le traitement est effectu\u00e9 correctement et efficacement. Un entretien r\u00e9gulier de la charpente permet de prolonger sa dur\u00e9e de vie et de pr\u00e9venir de graves dommages caus\u00e9s par des nuisibles ou l\u2019humidit\u00e9.<\/p>\n\n\n\n<div class=\"wp-block-buttons is-layout-flex wp-block-buttons-is-layout-flex\">\n<div class=\"wp-block-button\"><a class=\"wp-block-button__link wp-element-button\" href=\"https:\/\/couverture51.com\/?page_id=8\">Contactez-nous<\/a><\/div>\n<\/div>\n","protected":false},"excerpt":{"rendered":"<p>Pour les couvreurs de la Marne le traitement de la charpente est un processus essentiel pour garantir la durabilit\u00e9, la solidit\u00e9 et la s\u00e9curit\u00e9 de la structure d&rsquo;une maison ou d&rsquo;un b\u00e2timent. La charpente, qui est l&rsquo;ossature en bois qui&#8230;<\/p>\n","protected":false},"author":1,"featured_media":0,"parent":0,"menu_order":0,"comment_status":"closed","ping_status":"closed","template":"","meta":{"footnotes":""},"class_list":["post-270","page","type-page","status-publish","hentry"],"_links":{"self":[{"href":"https:\/\/couverture51.com\/index.php?rest_route=\/wp\/v2\/pages\/270","targetHints":{"allow":["GET"]}}],"collection":[{"href":"https:\/\/couverture51.com\/index.php?rest_route=\/wp\/v2\/pages"}],"about":[{"href":"https:\/\/couverture51.com\/index.php?rest_route=\/wp\/v2\/types\/page"}],"author":[{"embeddable":true,"href":"https:\/\/couverture51.com\/index.php?rest_route=\/wp\/v2\/users\/1"}],"replies":[{"embeddable":true,"href":"https:\/\/couverture51.com\/index.php?rest_route=%2Fwp%2Fv2%2Fcomments&post=270"}],"version-history":[{"count":4,"href":"https:\/\/couverture51.com\/index.php?rest_route=\/wp\/v2\/pages\/270\/revisions"}],"predecessor-version":[{"id":333,"href":"https:\/\/couverture51.com\/index.php?rest_route=\/wp\/v2\/pages\/270\/revisions\/333"}],"wp:attachment":[{"href":"https:\/\/couverture51.com\/index.php?rest_route=%2Fwp%2Fv2%2Fmedia&parent=270"}],"curies":[{"name":"wp","href":"https:\/\/api.w.org\/{rel}","templated":true}]}}