{"id":274,"date":"2025-04-06T14:20:52","date_gmt":"2025-04-06T12:20:52","guid":{"rendered":"http:\/\/couverture51.com\/?page_id=274"},"modified":"2025-04-06T18:36:59","modified_gmt":"2025-04-06T16:36:59","slug":"nos-partenaires","status":"publish","type":"page","link":"https:\/\/couverture51.com\/?page_id=274","title":{"rendered":"Nos partenaires"},"content":{"rendered":"\n<figure class=\"wp-block-image size-large is-resized\"><img loading=\"lazy\" decoding=\"async\" width=\"1024\" height=\"857\" src=\"https:\/\/couverture51.com\/wp-content\/uploads\/2025\/04\/vecteezy_roofing-logo-playful-vector-rooster-standing_14603280-Converti-1024x857.png\" alt=\"\" class=\"wp-image-277\" style=\"width:116px;height:auto\" srcset=\"https:\/\/couverture51.com\/wp-content\/uploads\/2025\/04\/vecteezy_roofing-logo-playful-vector-rooster-standing_14603280-Converti-1024x857.png 1024w, https:\/\/couverture51.com\/wp-content\/uploads\/2025\/04\/vecteezy_roofing-logo-playful-vector-rooster-standing_14603280-Converti-300x251.png 300w, https:\/\/couverture51.com\/wp-content\/uploads\/2025\/04\/vecteezy_roofing-logo-playful-vector-rooster-standing_14603280-Converti-768x643.png 768w, https:\/\/couverture51.com\/wp-content\/uploads\/2025\/04\/vecteezy_roofing-logo-playful-vector-rooster-standing_14603280-Converti.png 1198w\" sizes=\"auto, (max-width: 1024px) 100vw, 1024px\" \/><\/figure>\n\n\n\n<figure class=\"wp-block-image size-full\"><img loading=\"lazy\" decoding=\"async\" width=\"204\" height=\"247\" src=\"https:\/\/couverture51.com\/wp-content\/uploads\/2025\/04\/quali.jpeg\" alt=\"\" class=\"wp-image-292\"\/><\/figure>\n\n\n\n<p>QUALIBAT est l\u2019organisme cr\u00e9\u00e9 depuis trois quarts de si\u00e8cle pour promouvoir les bonnes pratiques et reconna\u00eetre l\u2019excellence des professionnels de la construction et de la r\u00e9novation.<\/p>\n\n\n\n<p>Aujourd\u2019hui, 53 000 professionnels sont reconnus pour leurs comp\u00e9tences par QUALIBAT. Gage de confiance, leur savoir-faire est jug\u00e9 par d\u2019autres acteurs du b\u00e2timent qui attestent en toute ind\u00e9pendance, transparence et impartialit\u00e9 de leurs capacit\u00e9s \u00e0 r\u00e9aliser des chantiers dans les r\u00e8gles de l\u2019art.<br><br>Pour maintenir un tr\u00e8s haut niveau d\u2019exigence et de qualit\u00e9, QUALIBAT est connect\u00e9 \u00e0 la mutation de certains m\u00e9tiers afin de constamment faire \u00e9voluer son offre de qualifications.<\/p>\n\n\n\n<figure class=\"wp-block-image size-full is-resized\"><img loading=\"lazy\" decoding=\"async\" width=\"650\" height=\"450\" src=\"https:\/\/couverture51.com\/wp-content\/uploads\/2025\/04\/d11172.png\" alt=\"\" class=\"wp-image-293\" style=\"width:218px;height:auto\" srcset=\"https:\/\/couverture51.com\/wp-content\/uploads\/2025\/04\/d11172.png 650w, https:\/\/couverture51.com\/wp-content\/uploads\/2025\/04\/d11172-300x208.png 300w\" sizes=\"auto, (max-width: 650px) 100vw, 650px\" \/><\/figure>\n\n\n\n<p>Ce titre valorise la qualification et l&rsquo;exp\u00e9rience des chefs d&rsquo;entreprise artisanale. Il leur permet d&rsquo;affirmer, par l&rsquo;utilisation de ce label, leur comp\u00e9tence aupr\u00e8s de leur client\u00e8le : il atteste du niveau de formation du chef d\u2019entreprise ou de son exp\u00e9rience professionnelle. Il constitue un v\u00e9ritable atout commercial en valorisant les professionnels qualifi\u00e9s d\u00e9livr\u00e9 par les Chambres de M\u00e9tiers et de l\u2019Artisanat.<\/p>\n\n\n\n<p>Pour l\u2019obtenir, il faut<\/p>\n\n\n\n<ul class=\"wp-block-list\">\n<li>\u00eatre immatricul\u00e9 au Registre national des entreprises (RNE)<\/li>\n\n\n\n<li>et soit \u00eatre titulaire d&rsquo;un dipl\u00f4me de niveau 3 (CAP ou \u00e9quivalent) dans le m\u00e9tier soit avoir trois ans d&rsquo;exp\u00e9rience professionnelle dans le m\u00e9tier exerc\u00e9.<\/li>\n<\/ul>\n\n\n\n<p>Il est \u00e0 noter que la qualit\u00e9 Artisan est g\u00e9n\u00e9ralement attribu\u00e9e automatiquement par le service formalit\u00e9s de votre CMA au vu des justificatifs fournis lors de l\u2019immatriculation ou apr\u00e8s 3 ans d\u2019immatriculation. Si ce n\u2019est pas le cas, contactez votre CMA : il manque certainement un justificatif dans votre dossier !<\/p>\n\n\n\n<figure class=\"wp-block-image size-full is-resized\"><img loading=\"lazy\" decoding=\"async\" width=\"375\" height=\"360\" src=\"https:\/\/couverture51.com\/wp-content\/uploads\/2025\/04\/360_F_80034208_Hch83AUa1Tf7tGGyUQFUbEfk2zz5JnpQ.jpg\" alt=\"\" class=\"wp-image-294\" style=\"width:231px;height:auto\" srcset=\"https:\/\/couverture51.com\/wp-content\/uploads\/2025\/04\/360_F_80034208_Hch83AUa1Tf7tGGyUQFUbEfk2zz5JnpQ.jpg 375w, https:\/\/couverture51.com\/wp-content\/uploads\/2025\/04\/360_F_80034208_Hch83AUa1Tf7tGGyUQFUbEfk2zz5JnpQ-300x288.jpg 300w\" sizes=\"auto, (max-width: 375px) 100vw, 375px\" \/><\/figure>\n\n\n\n<p>Les constructeurs ont l&rsquo;obligation de souscrire une assurance de responsabilit\u00e9 civile d\u00e9cennale. Elle garantit la r\u00e9paration des dommages qui apparaissent apr\u00e8s la r\u00e9ception des travaux. Nous vous pr\u00e9sentons les informations \u00e0 conna\u00eetre.<\/p>\n\n\n\n<div class=\"wp-block-buttons is-layout-flex wp-block-buttons-is-layout-flex\">\n<div class=\"wp-block-button\"><a class=\"wp-block-button__link wp-element-button\">Contactez-nous<\/a><\/div>\n<\/div>\n","protected":false},"excerpt":{"rendered":"<p>QUALIBAT est l\u2019organisme cr\u00e9\u00e9 depuis trois quarts de si\u00e8cle pour promouvoir les bonnes pratiques et reconna\u00eetre l\u2019excellence des professionnels de la construction et de la r\u00e9novation. Aujourd\u2019hui, 53 000 professionnels sont reconnus pour leurs comp\u00e9tences par QUALIBAT. Gage de confiance,&#8230;<\/p>\n","protected":false},"author":1,"featured_media":0,"parent":0,"menu_order":0,"comment_status":"closed","ping_status":"closed","template":"","meta":{"footnotes":""},"class_list":["post-274","page","type-page","status-publish","hentry"],"_links":{"self":[{"href":"https:\/\/couverture51.com\/index.php?rest_route=\/wp\/v2\/pages\/274","targetHints":{"allow":["GET"]}}],"collection":[{"href":"https:\/\/couverture51.com\/index.php?rest_route=\/wp\/v2\/pages"}],"about":[{"href":"https:\/\/couverture51.com\/index.php?rest_route=\/wp\/v2\/types\/page"}],"author":[{"embeddable":true,"href":"https:\/\/couverture51.com\/index.php?rest_route=\/wp\/v2\/users\/1"}],"replies":[{"embeddable":true,"href":"https:\/\/couverture51.com\/index.php?rest_route=%2Fwp%2Fv2%2Fcomments&post=274"}],"version-history":[{"count":6,"href":"https:\/\/couverture51.com\/index.php?rest_route=\/wp\/v2\/pages\/274\/revisions"}],"predecessor-version":[{"id":325,"href":"https:\/\/couverture51.com\/index.php?rest_route=\/wp\/v2\/pages\/274\/revisions\/325"}],"wp:attachment":[{"href":"https:\/\/couverture51.com\/index.php?rest_route=%2Fwp%2Fv2%2Fmedia&parent=274"}],"curies":[{"name":"wp","href":"https:\/\/api.w.org\/{rel}","templated":true}]}}