{"id":7,"date":"2025-04-05T11:28:39","date_gmt":"2025-04-05T09:28:39","guid":{"rendered":"http:\/\/couverture51.com\/?page_id=7"},"modified":"2025-04-06T18:42:02","modified_gmt":"2025-04-06T16:42:02","slug":"a-propos","status":"publish","type":"page","link":"https:\/\/couverture51.com\/?page_id=7","title":{"rendered":"\u00c0 propos des Couvreurs de la Marne"},"content":{"rendered":"\n<div class=\"wp-block-buttons is-layout-flex wp-block-buttons-is-layout-flex\"><\/div>\n\n\n\n<figure class=\"wp-block-image size-large is-resized\"><img loading=\"lazy\" decoding=\"async\" width=\"1024\" height=\"857\" src=\"https:\/\/couverture51.com\/wp-content\/uploads\/2025\/04\/vecteezy_roofing-logo-playful-vector-rooster-standing_14603280-Converti-1024x857.png\" alt=\"\" class=\"wp-image-277\" style=\"width:116px;height:auto\" srcset=\"https:\/\/couverture51.com\/wp-content\/uploads\/2025\/04\/vecteezy_roofing-logo-playful-vector-rooster-standing_14603280-Converti-1024x857.png 1024w, https:\/\/couverture51.com\/wp-content\/uploads\/2025\/04\/vecteezy_roofing-logo-playful-vector-rooster-standing_14603280-Converti-300x251.png 300w, https:\/\/couverture51.com\/wp-content\/uploads\/2025\/04\/vecteezy_roofing-logo-playful-vector-rooster-standing_14603280-Converti-768x643.png 768w, https:\/\/couverture51.com\/wp-content\/uploads\/2025\/04\/vecteezy_roofing-logo-playful-vector-rooster-standing_14603280-Converti.png 1198w\" sizes=\"auto, (max-width: 1024px) 100vw, 1024px\" \/><\/figure>\n\n\n\n<p>Chez&nbsp;<strong>Les Couvreurs de la Marne<\/strong>, nous perp\u00e9tuons depuis trois g\u00e9n\u00e9rations un savoir-faire unique transmis de p\u00e8re en fils. Plus qu\u2019une simple entreprise de toiture, nous sommes une \u00e9quipe passionn\u00e9e, d\u00e9di\u00e9e \u00e0 la protection et \u00e0 la valorisation de votre maison. Avec plus d\u2019une centaines de<strong>&nbsp;chantiers r\u00e9alis\u00e9s avec succ\u00e8s<\/strong>, nous avons fait de la qualit\u00e9 et de la satisfaction client notre priorit\u00e9 absolue.<\/p>\n\n\n\n<p>Notre engagement va bien au-del\u00e0 des travaux. Nous offrons une&nbsp;<strong>garantie d\u00e9cennale<\/strong>&nbsp;sur toutes nos interventions et assurons un&nbsp;<strong>suivi personnalis\u00e9 apr\u00e8s travaux<\/strong>, pour vous garantir s\u00e9r\u00e9nit\u00e9 et confiance. Et si, malgr\u00e9 nos efforts, vous n\u2019\u00eates pas pleinement satisfait, nous revenons gratuitement pour corriger la situation.<\/p>\n\n\n\n<p>Avec&nbsp;<strong>Les Couvreurs de la Marne<\/strong>, vous choisissez un partenaire de confiance, alliant expertise familiale, respect des engagements, et service client irr\u00e9prochable.<\/p>\n\n\n\n<div class=\"wp-block-buttons is-layout-flex wp-block-buttons-is-layout-flex\">\n<div class=\"wp-block-button\"><a class=\"wp-block-button__link wp-element-button\" href=\"https:\/\/couverture51.com\/?page_id=8\">Contactez-nous<\/a><\/div>\n<\/div>\n\n\n\n<p><\/p>\n","protected":false},"excerpt":{"rendered":"<p>Chez&nbsp;Les Couvreurs de la Marne, nous perp\u00e9tuons depuis trois g\u00e9n\u00e9rations un savoir-faire unique transmis de p\u00e8re en fils. Plus qu\u2019une simple entreprise de toiture, nous sommes une \u00e9quipe passionn\u00e9e, d\u00e9di\u00e9e \u00e0 la protection et \u00e0 la valorisation de votre maison&#8230;.<\/p>\n","protected":false},"author":1,"featured_media":0,"parent":0,"menu_order":0,"comment_status":"closed","ping_status":"closed","template":"","meta":{"footnotes":""},"class_list":["post-7","page","type-page","status-publish","hentry"],"_links":{"self":[{"href":"https:\/\/couverture51.com\/index.php?rest_route=\/wp\/v2\/pages\/7","targetHints":{"allow":["GET"]}}],"collection":[{"href":"https:\/\/couverture51.com\/index.php?rest_route=\/wp\/v2\/pages"}],"about":[{"href":"https:\/\/couverture51.com\/index.php?rest_route=\/wp\/v2\/types\/page"}],"author":[{"embeddable":true,"href":"https:\/\/couverture51.com\/index.php?rest_route=\/wp\/v2\/users\/1"}],"replies":[{"embeddable":true,"href":"https:\/\/couverture51.com\/index.php?rest_route=%2Fwp%2Fv2%2Fcomments&post=7"}],"version-history":[{"count":6,"href":"https:\/\/couverture51.com\/index.php?rest_route=\/wp\/v2\/pages\/7\/revisions"}],"predecessor-version":[{"id":319,"href":"https:\/\/couverture51.com\/index.php?rest_route=\/wp\/v2\/pages\/7\/revisions\/319"}],"wp:attachment":[{"href":"https:\/\/couverture51.com\/index.php?rest_route=%2Fwp%2Fv2%2Fmedia&parent=7"}],"curies":[{"name":"wp","href":"https:\/\/api.w.org\/{rel}","templated":true}]}}